{"id":7,"date":"2023-06-14T12:48:50","date_gmt":"2023-06-14T10:48:50","guid":{"rendered":"https:\/\/moc-sms.pl\/?page_id=7"},"modified":"2023-06-22T14:44:02","modified_gmt":"2023-06-22T12:44:02","slug":"starowiejsckie-meskie-spotkanie","status":"publish","type":"page","link":"https:\/\/moc-sms.pl\/index.php\/starowiejsckie-meskie-spotkanie\/","title":{"rendered":"Starowiejskie M\u0119skie Spotkanie"},"content":{"rendered":"\n<figure class=\"wp-block-image size-large\"><img loading=\"lazy\" decoding=\"async\" width=\"1024\" height=\"729\" src=\"https:\/\/moc-sms.pl\/wp-content\/uploads\/2023\/06\/MOC-SMS-plakat-1024x729.jpg\" alt=\"\" class=\"wp-image-8\" srcset=\"https:\/\/moc-sms.pl\/wp-content\/uploads\/2023\/06\/MOC-SMS-plakat-1024x729.jpg 1024w, https:\/\/moc-sms.pl\/wp-content\/uploads\/2023\/06\/MOC-SMS-plakat-300x213.jpg 300w, https:\/\/moc-sms.pl\/wp-content\/uploads\/2023\/06\/MOC-SMS-plakat-768x546.jpg 768w, https:\/\/moc-sms.pl\/wp-content\/uploads\/2023\/06\/MOC-SMS-plakat-1536x1093.jpg 1536w, https:\/\/moc-sms.pl\/wp-content\/uploads\/2023\/06\/MOC-SMS-plakat-2048x1457.jpg 2048w\" sizes=\"auto, (max-width: 1024px) 100vw, 1024px\" \/><\/figure>\n\n\n\n<p class=\"has-secondary-background-color has-background\">Zapraszamy 2 lipca 2023 na m\u0119skie spotkanie w Starej Wsi<\/p>\n\n\n\n<h4 class=\"wp-block-heading\"><strong>Chcieliby\u015bmy Was zaprosi\u0107 na wyj\u0105tkowe spotkanie m\u0119skich grup z po\u0142udniowo-wschodniej Polski!<\/strong><\/h4>\n\n\n\n<p>Czy zastanawiali\u015bcie si\u0119 kiedy\u015b, jak wiele mo\u017cemy osi\u0105gn\u0105\u0107, gdy si\u0119 po\u0142\u0105czymy? Spotkanie to nie tylko okazja do wymiany do\u015bwiadcze\u0144, ale r\u00f3wnie\u017c szansa na rozw\u00f3j osobisty, odkrywanie nowych perspektyw i inspiruj\u0105cych historii. Przyjd\u017acie i do\u0142\u0105czcie do nas, aby razem budowa\u0107 spo\u0142eczno\u015b\u0107 m\u0119\u017cczyzn gotowych na wyzwania i wzajemne wsparcie.<\/p>\n\n\n\n<p><strong>Plan spotkania:<\/strong><\/p>\n\n\n\n<p class=\"has-yellow-color has-text-color\">13:30  Zawi\u0105zanie Wsp\u00f3lnoty, m\u0119skie uwielbienie<br>14:00 Cz\u0119\u015b\u0107 Chwalebna R\u00f3\u017ca\u0144ca \u015awi\u0119tego<br>14:30 Konferencja: Cia\u0142o Ko\u015bcio\u0142a &#8211; Cia\u0142o Chrystusa &#8211; o. Dariusz Pi\u00f3rkowski<br>15:30 Czas \u015bwiadectw<br>16:00 Praca w grupach<br>17:00 Eucharystia &#8211; celebruje i homili\u0119 wyg\u0142osi bp Stanis\u0142aw Jamrozek<br>18:00 Rozes\u0142anie<\/p>\n\n\n\n<p><br> <\/p>\n\n\n\n<p><\/p>\n\n\n\n<p><\/p>\n","protected":false},"excerpt":{"rendered":"<p>Zapraszamy 2 lipca 2023 na m\u0119skie spotkanie w Starej Wsi Chcieliby\u015bmy Was zaprosi\u0107 na wyj\u0105tkowe spotkanie m\u0119skich grup z po\u0142udniowo-wschodniej Polski! Czy zastanawiali\u015bcie si\u0119 kiedy\u015b, jak wiele mo\u017cemy osi\u0105gn\u0105\u0107, gdy si\u0119 po\u0142\u0105czymy? Spotkanie to nie tylko okazja do wymiany do\u015bwiadcze\u0144, ale r\u00f3wnie\u017c szansa na rozw\u00f3j osobisty, odkrywanie nowych perspektyw i inspiruj\u0105cych historii. Przyjd\u017acie i do\u0142\u0105czcie&hellip; <a class=\"more-link\" href=\"https:\/\/moc-sms.pl\/index.php\/starowiejsckie-meskie-spotkanie\/\">Czytaj dalej <span class=\"screen-reader-text\">Starowiejskie M\u0119skie Spotkanie<\/span><\/a><\/p>\n","protected":false},"author":1,"featured_media":0,"parent":0,"menu_order":0,"comment_status":"closed","ping_status":"closed","template":"","meta":{"footnotes":""},"class_list":["post-7","page","type-page","status-publish","hentry","entry"],"_links":{"self":[{"href":"https:\/\/moc-sms.pl\/index.php\/wp-json\/wp\/v2\/pages\/7","targetHints":{"allow":["GET"]}}],"collection":[{"href":"https:\/\/moc-sms.pl\/index.php\/wp-json\/wp\/v2\/pages"}],"about":[{"href":"https:\/\/moc-sms.pl\/index.php\/wp-json\/wp\/v2\/types\/page"}],"author":[{"embeddable":true,"href":"https:\/\/moc-sms.pl\/index.php\/wp-json\/wp\/v2\/users\/1"}],"replies":[{"embeddable":true,"href":"https:\/\/moc-sms.pl\/index.php\/wp-json\/wp\/v2\/comments?post=7"}],"version-history":[{"count":5,"href":"https:\/\/moc-sms.pl\/index.php\/wp-json\/wp\/v2\/pages\/7\/revisions"}],"predecessor-version":[{"id":46,"href":"https:\/\/moc-sms.pl\/index.php\/wp-json\/wp\/v2\/pages\/7\/revisions\/46"}],"wp:attachment":[{"href":"https:\/\/moc-sms.pl\/index.php\/wp-json\/wp\/v2\/media?parent=7"}],"curies":[{"name":"wp","href":"https:\/\/api.w.org\/{rel}","templated":true}]}}